{"id":1766,"date":"2025-10-06T20:45:42","date_gmt":"2025-10-06T20:45:42","guid":{"rendered":"https:\/\/gocoffee.com.co\/?post_type=product&#038;p=1766"},"modified":"2025-10-08T20:13:40","modified_gmt":"2025-10-08T20:13:40","slug":"go-coffee-seleccion-artesanal","status":"publish","type":"product","link":"https:\/\/gocoffee.com.co\/es\/producto\/go-coffee-seleccion-artesanal\/","title":{"rendered":"Caf\u00e9 Selecci\u00f3n Artesanal 250 Gramos"},"content":{"rendered":"<table class=\"w-fit min-w-(--thread-content-width)\" data-start=\"109\" data-end=\"346\">\n<thead data-start=\"109\" data-end=\"144\">\n<tr data-start=\"109\" data-end=\"144\">\n<th data-start=\"109\" data-end=\"129\" data-col-size=\"sm\"><span dir=\"auto\" style=\"vertical-align: inherit;\"><span dir=\"auto\" style=\"vertical-align: inherit;\"><span dir=\"auto\" style=\"vertical-align: inherit;\"><span dir=\"auto\" style=\"vertical-align: inherit;\">\u2705 Caracter\u00edsticas<\/span><\/span><\/span><\/span><\/th>\n<th data-start=\"129\" data-end=\"144\" data-col-size=\"sm\">\ud83d\udccc Detalles<\/th>\n<\/tr>\n<\/thead>\n<tbody data-start=\"182\" data-end=\"346\">\n<tr data-start=\"182\" data-end=\"222\">\n<td data-start=\"182\" data-end=\"203\" data-col-size=\"sm\"><strong data-start=\"184\" data-end=\"200\">Origen \u00fanico<\/strong><\/td>\n<td data-start=\"203\" data-end=\"222\" data-col-size=\"sm\">Huila, Colombia<\/td>\n<\/tr>\n<tr data-start=\"223\" data-end=\"257\">\n<td data-start=\"223\" data-end=\"244\" data-col-size=\"sm\"><strong data-start=\"225\" data-end=\"235\">Tueste<\/strong><\/td>\n<td data-start=\"244\" data-end=\"257\" data-col-size=\"sm\">Artesanal<\/td>\n<\/tr>\n<tr data-start=\"258\" data-end=\"315\">\n<td data-start=\"258\" data-end=\"279\" data-col-size=\"sm\"><strong data-start=\"260\" data-end=\"278\">Notas de sabor<\/strong><\/td>\n<td data-start=\"279\" data-end=\"315\" data-col-size=\"sm\">Taza con fragancia y aroma a chocolate, de buen dulzor<br \/>\ncon notas a flor de Caf\u00e9, acidez media plana y cuerpo medio\u00a0balanceado.<\/td>\n<\/tr>\n<tr data-start=\"316\" data-end=\"346\">\n<td data-start=\"316\" data-end=\"337\" data-col-size=\"sm\"><strong data-start=\"318\" data-end=\"334\"><span dir=\"auto\" style=\"vertical-align: inherit;\"><span dir=\"auto\" style=\"vertical-align: inherit;\"><span dir=\"auto\" style=\"vertical-align: inherit;\"><span dir=\"auto\" style=\"vertical-align: inherit;\">Presentaci\u00f3n<\/span><\/span><\/span><\/span><\/strong><\/td>\n<td data-start=\"337\" data-end=\"346\" data-col-size=\"sm\"><span dir=\"auto\" style=\"vertical-align: inherit;\"><span dir=\"auto\" style=\"vertical-align: inherit;\">225 gramos<\/span><\/span><\/td>\n<\/tr>\n<\/tbody>\n<\/table>\n<p>&nbsp;<\/p>","protected":false},"excerpt":{"rendered":"<p data-start=\"654\" data-end=\"704\"><strong data-start=\"654\" data-end=\"702\">GO Coffee Origen Huila \u2013 Caf\u00e9 Especial 250 g<\/strong><\/p>\n<p data-start=\"706\" data-end=\"998\">Descubre la esencia del Huila en cada taza.<br data-start=\"749\" data-end=\"752\" \/>Nuestro caf\u00e9 de origen 100% colombiano es cultivado en las monta\u00f1as del sur del pa\u00eds, donde la altitud, el clima y la tradici\u00f3n cafetera se unen para ofrecer un grano balanceado, con notas dulces y afrutadas, cuerpo medio y una acidez vibrante.<\/p>\n<p data-start=\"1000\" data-end=\"1214\">Perfecto para quienes buscan una experiencia aut\u00e9ntica y artesanal, cada empaque de <strong data-start=\"1084\" data-end=\"1097\">GO Coffee<\/strong> contiene 250 gramos de caf\u00e9 reci\u00e9n tostado, disponible en grano o molido, listo para realzar tus momen<\/p>","protected":false},"featured_media":1849,"comment_status":"closed","ping_status":"closed","template":"","meta":{"site-sidebar-layout":"default","site-content-layout":"","ast-site-content-layout":"default","site-content-style":"default","site-sidebar-style":"default","ast-global-header-display":"","ast-banner-title-visibility":"","ast-main-header-display":"","ast-hfb-above-header-display":"","ast-hfb-below-header-display":"","ast-hfb-mobile-header-display":"","site-post-title":"","ast-breadcrumbs-content":"","ast-featured-img":"","footer-sml-layout":"","theme-transparent-header-meta":"default","adv-header-id-meta":"","stick-header-meta":"","header-above-stick-meta":"","header-main-stick-meta":"","header-below-stick-meta":"","astra-migrate-meta-layouts":"set","ast-page-background-enabled":"default","ast-page-background-meta":{"desktop":{"background-color":"","background-image":"","background-repeat":"repeat","background-position":"center center","background-size":"auto","background-attachment":"scroll","background-type":"","background-media":"","overlay-type":"","overlay-color":"","overlay-opacity":"","overlay-gradient":""},"tablet":{"background-color":"","background-image":"","background-repeat":"repeat","background-position":"center center","background-size":"auto","background-attachment":"scroll","background-type":"","background-media":"","overlay-type":"","overlay-color":"","overlay-opacity":"","overlay-gradient":""},"mobile":{"background-color":"","background-image":"","background-repeat":"repeat","background-position":"center center","background-size":"auto","background-attachment":"scroll","background-type":"","background-media":"","overlay-type":"","overlay-color":"","overlay-opacity":"","overlay-gradient":""}},"ast-content-background-meta":{"desktop":{"background-color":"var(--ast-global-color-5)","background-image":"","background-repeat":"repeat","background-position":"center center","background-size":"auto","background-attachment":"scroll","background-type":"","background-media":"","overlay-type":"","overlay-color":"","overlay-opacity":"","overlay-gradient":""},"tablet":{"background-color":"var(--ast-global-color-5)","background-image":"","background-repeat":"repeat","background-position":"center center","background-size":"auto","background-attachment":"scroll","background-type":"","background-media":"","overlay-type":"","overlay-color":"","overlay-opacity":"","overlay-gradient":""},"mobile":{"background-color":"var(--ast-global-color-5)","background-image":"","background-repeat":"repeat","background-position":"center center","background-size":"auto","background-attachment":"scroll","background-type":"","background-media":"","overlay-type":"","overlay-color":"","overlay-opacity":"","overlay-gradient":""}}},"product_brand":[],"product_cat":[43],"product_tag":[],"class_list":{"0":"post-1766","1":"product","2":"type-product","3":"status-publish","4":"has-post-thumbnail","6":"product_cat-cafeartesanaldelhuila","7":"product_shipping_class-envio-bogota-cundinamarca","8":"desktop-align-left","9":"tablet-align-left","10":"mobile-align-left","12":"first","13":"instock","14":"sale","15":"shipping-taxable","16":"purchasable","17":"product-type-simple"},"_links":{"self":[{"href":"https:\/\/gocoffee.com.co\/es\/wp-json\/wp\/v2\/product\/1766","targetHints":{"allow":["GET"]}}],"collection":[{"href":"https:\/\/gocoffee.com.co\/es\/wp-json\/wp\/v2\/product"}],"about":[{"href":"https:\/\/gocoffee.com.co\/es\/wp-json\/wp\/v2\/types\/product"}],"replies":[{"embeddable":true,"href":"https:\/\/gocoffee.com.co\/es\/wp-json\/wp\/v2\/comments?post=1766"}],"wp:featuredmedia":[{"embeddable":true,"href":"https:\/\/gocoffee.com.co\/es\/wp-json\/wp\/v2\/media\/1849"}],"wp:attachment":[{"href":"https:\/\/gocoffee.com.co\/es\/wp-json\/wp\/v2\/media?parent=1766"}],"wp:term":[{"taxonomy":"product_brand","embeddable":true,"href":"https:\/\/gocoffee.com.co\/es\/wp-json\/wp\/v2\/product_brand?post=1766"},{"taxonomy":"product_cat","embeddable":true,"href":"https:\/\/gocoffee.com.co\/es\/wp-json\/wp\/v2\/product_cat?post=1766"},{"taxonomy":"product_tag","embeddable":true,"href":"https:\/\/gocoffee.com.co\/es\/wp-json\/wp\/v2\/product_tag?post=1766"}],"curies":[{"name":"wp","href":"https:\/\/api.w.org\/{rel}","templated":true}]}}